{"id":3,"date":"2018-11-09T16:24:52","date_gmt":"2018-11-09T15:24:52","guid":{"rendered":"https:\/\/neu.minderheiten.at\/wordpress\/?page_id=3"},"modified":"2019-05-08T16:01:26","modified_gmt":"2019-05-08T14:01:26","slug":"datenschutzerklaerung","status":"publish","type":"page","link":"https:\/\/initiative.minderheiten.at\/wordpress\/index.php\/datenschutzerklaerung\/","title":{"rendered":"Datenschutzerkl\u00e4rung"},"content":{"rendered":"\n<p>Seit dem 25. Mai 2018 gibt es die neue EU-Datenschutz-Grundverordnung. Diese soll europaweit f\u00fcr eine erh\u00f6hte Sicherheit personenbezogener Daten sorgen.<\/p>\n\n\n\n<p>Unsere Website www.initiative.minderheiten.at wird von unserem Provider <a href=\"http:\/\/www.mur.at\" target=\"_blank\" rel=\"noopener noreferrer\">www.mur.at<\/a> gehostet.<\/p>\n\n\n\n<p><strong>Personenbezogene Daten<\/strong><br>Soweit auf unseren Seiten personenbezogene Daten (beispielsweise Name, Anschrift oder E-Mail- Adressen) erhoben werden, erfolgt dies stets auf freiwilliger Basis bzw. weil eine Mitgliedschaft bei der Initiative Minderheiten besteht. Diese Daten werden ohne Ihre ausdr\u00fcckliche Zustimmung nicht an Dritte weitergegeben. Zugang zu den Personendaten haben ausschlie\u00dflich Mitarbeiter_innen der Initiative Minderheiten. Die Daten werden ausschlie\u00dflich f\u00fcr den von den Nutzer_innen angegebenen Zwecken verwendet.<\/p>\n\n\n\n<p><strong>Newsletter:<\/strong><\/p>\n\n\n\n<p>\u00dcber unseren Newsletter erhalten Sie regelm\u00e4\u00dfig Informationen zu minderheitenrelevanten Themen, Veranstaltungstipps und Ank\u00fcndigungen neuer Beitr\u00e4ge auf unserem <a href=\"https:\/\/www.imblog.at\/\" target=\"_blank\" rel=\"noopener noreferrer\">Blog<\/a>. Wenn Sie dies weiterhin wollen, brauchen Sie nichts zu unternehmen. Wir gehen davon aus, dass Sie uns damit die Genehmigung erteilen, Sie wie bisher zu informieren.<br>Sollten Sie in Zukunft keine Informationen mehr von uns erhalten wollen, bitten wir Sie, ein e-Mail mit dem Betreff:<br><strong>Abmeldung (unsubscribe)<\/strong> an <a href=\"mailto:office@initiative.minderheiten.at\">office@initiative.minderheiten.at<\/a> zu schicken. Mit Ihrer Abmeldung werden all Ihre Daten aus unserem Verteiler gel\u00f6scht.<\/p>\n\n\n\n<p><strong>Cookies:<\/strong><\/p>\n\n\n\n<p>Auf unserer Website werden so genannte \u201eCookies\u201c verwendet. Cookies sind Textinformationen, die unsere Website \u00fcber Ihren Browser auf Ihrem Rechner platziert. Zu keiner Zeit werden \u00fcber Cookies personenbezogene Daten \u00fcber Sie ausgegeben.<\/p>\n\n\n\n<p>In den Einstellungen des Browsers k\u00f6nnen Cookies ausgeschaltet werden. Bereits gesetzte Cookies k\u00f6nnen \u00fcber die Funktion Chronik\/Verlauf gel\u00f6scht werden (dort dann \u201eCookies\u201c ausw\u00e4hlen). Auf der Website <a href=\"http:\/\/www.aboutcookies.org\/\" target=\"_blank\" rel=\"noopener noreferrer\">http:\/\/www.aboutcookies.org\/<\/a> findet man genaue Anleitungen zum Ausschalten von Cookies in diversen Browsern.<\/p>\n\n\n\n<p><strong>STIMME Versand:<\/strong><\/p>\n\n\n\n<p><span style=\"font-family: Helvetica, Arial, sans-serif;\">Aufgrund der neuen Datenschutzverordnung (DSGVO) informieren wir Sie dar\u00fcber, dass die Adressdatei der Initiative Minderheiten auschliesslich Name und Postadresse und keinerlei sensiblen Daten enth\u00e4lt. Die Initiative Minderheiten hat zu keinem Zeitpunkt fremde Adressdateien gekauft, getauscht oder \u00fcbernommen. Die Initiative Minderheiten hat auch zu keinem Zeitpunkt ihre Postadressen an Dritte (etwa an andere Organisationen) weitergegeben. Die Adressen f\u00fcr den STIMME Versand wurden in den letzten 25 Jahren \u00fcber pers\u00f6nliche Kontakte gesammelt. Seit geraumer Zeit archivieren wir auch die Anfragen f\u00fcr den STIMME Versand bzw. die Abbestellungen. Wenn Sie mit der Zusendung der Stimme nicht einverstanden sind, lassen Sie es uns wissen und wir werden Sie umgehend aus unserer Datenbank l\u00f6schen.<\/span><\/p>\n","protected":false},"excerpt":{"rendered":"<p>Seit dem 25. Mai 2018 gibt es die neue EU-Datenschutz-Grundverordnung. Diese soll europaweit f\u00fcr eine erh\u00f6hte Sicherheit personenbezogener Daten sorgen. Unsere Website www.initiative.minderheiten.at wird von unserem Provider www.mur.at gehostet. Personenbezogene DatenSoweit auf unseren Seiten personenbezogene Daten (beispielsweise Name, Anschrift oder&#46;&#46;&#46;<\/p>\n","protected":false},"author":1,"featured_media":0,"parent":0,"menu_order":0,"comment_status":"closed","ping_status":"open","template":"","meta":[],"categories":[],"tags":[],"distributor_meta":false,"distributor_terms":false,"distributor_media":false,"distributor_original_site_name":"Initiative Minderheiten","distributor_original_site_url":"https:\/\/initiative.minderheiten.at\/wordpress","_links":{"self":[{"href":"https:\/\/initiative.minderheiten.at\/wordpress\/index.php\/wp-json\/wp\/v2\/pages\/3"}],"collection":[{"href":"https:\/\/initiative.minderheiten.at\/wordpress\/index.php\/wp-json\/wp\/v2\/pages"}],"about":[{"href":"https:\/\/initiative.minderheiten.at\/wordpress\/index.php\/wp-json\/wp\/v2\/types\/page"}],"author":[{"embeddable":true,"href":"https:\/\/initiative.minderheiten.at\/wordpress\/index.php\/wp-json\/wp\/v2\/users\/1"}],"replies":[{"embeddable":true,"href":"https:\/\/initiative.minderheiten.at\/wordpress\/index.php\/wp-json\/wp\/v2\/comments?post=3"}],"version-history":[{"count":1,"href":"https:\/\/initiative.minderheiten.at\/wordpress\/index.php\/wp-json\/wp\/v2\/pages\/3\/revisions"}],"predecessor-version":[{"id":1787,"href":"https:\/\/initiative.minderheiten.at\/wordpress\/index.php\/wp-json\/wp\/v2\/pages\/3\/revisions\/1787"}],"wp:attachment":[{"href":"https:\/\/initiative.minderheiten.at\/wordpress\/index.php\/wp-json\/wp\/v2\/media?parent=3"}],"wp:term":[{"taxonomy":"category","embeddable":true,"href":"https:\/\/initiative.minderheiten.at\/wordpress\/index.php\/wp-json\/wp\/v2\/categories?post=3"},{"taxonomy":"post_tag","embeddable":true,"href":"https:\/\/initiative.minderheiten.at\/wordpress\/index.php\/wp-json\/wp\/v2\/tags?post=3"}],"curies":[{"name":"wp","href":"https:\/\/api.w.org\/{rel}","templated":true}]}}