{"id":4813,"date":"2026-02-10T13:53:27","date_gmt":"2026-02-10T12:53:27","guid":{"rendered":"https:\/\/initiative.minderheiten.at\/wordpress\/?page_id=4813"},"modified":"2026-04-07T15:55:05","modified_gmt":"2026-04-07T13:55:05","slug":"foerdergeberinnen","status":"publish","type":"page","link":"https:\/\/initiative.minderheiten.at\/wordpress\/index.php\/foerdergeberinnen\/","title":{"rendered":"F\u00f6rdergeber*innen"},"content":{"rendered":"\n<p><a rel=\"noreferrer noopener\" href=\"https:\/\/erwachsenenbildung.at\/\" target=\"_blank\">Erwachsenenbildung \u2013 Bundesministerium f\u00fcr Frauen, Wissenschaft und Forschung (BMFWF)<\/a><\/p>\n\n\n\n<p><a rel=\"noreferrer noopener\" href=\"https:\/\/www.bmwkms.gv.at\/\" target=\"_blank\">Bundesministerium f\u00fcr Wohnen, Kunst, Kultur, Medien und Sport (BMWKMS)<\/a><\/p>\n\n\n\n<p><a rel=\"noreferrer noopener\" href=\"https:\/\/www.bmb.gv.at\/\" target=\"_blank\">Bundesministerium f\u00fcr Bildung (BMB)<\/a><\/p>\n\n\n\n<p><a href=\"https:\/\/www.sozialministerium.gv.at\/\" target=\"_blank\" rel=\"noreferrer noopener\">Bundesministerium f\u00fcr Arbeit, Soziales, Gesundheit, Pflege und Konsumentenschutz<\/a><\/p>\n\n\n\n<p><a rel=\"noreferrer noopener\" href=\"https:\/\/www.wien.gv.at\/kultur\/\" target=\"_blank\">MA 7 \u2013 Kultur<\/a><\/p>\n\n\n\n<p><a rel=\"noreferrer noopener\" href=\"https:\/\/www.kulturfoerderung-burgenland.at\/\" target=\"_blank\">Land Burgenland<\/a><\/p>\n\n\n\n<p><a rel=\"noreferrer noopener\" href=\"https:\/\/www.ktn.gv.at\/\" target=\"_blank\">Land K\u00e4rnten<\/a><\/p>\n\n\n\n<p><a rel=\"noreferrer noopener\" href=\"https:\/\/www.tirol.gv.at\/\" target=\"_blank\">Land Tirol<\/a><\/p>\n\n\n\n<p><a rel=\"noreferrer noopener\" href=\"https:\/\/www.nationalfonds.org\/startseite\" target=\"_blank\">Nationalfonds der Republik \u00d6sterreich f\u00fcr Opfer des Nationalsozialismus<\/a><\/p>\n\n\n\n<p><a href=\"https:\/\/shift.wien\/\" target=\"_blank\" rel=\"noreferrer noopener\">Shift &#8211; Stadt Wien<\/a><\/p>\n\n\n\n<p><a rel=\"noreferrer noopener\" href=\"http:\/\/www.zukunftsfonds-austria.at\/\" target=\"_blank\">Zukunftsfonds der Republik \u00d6sterreich<\/a><\/p>\n\n\n\n<hr class=\"wp-block-separator has-alpha-channel-opacity\" \/>\n\n\n\n<figure class=\"wp-block-image is-resized\"><img decoding=\"async\" loading=\"lazy\" src=\"https:\/\/initiative.minderheiten.at\/wordpress\/wp-content\/uploads\/2024\/06\/BMFWF_Logo-1024x348.jpg\" alt=\"\" class=\"wp-image-9203\" width=\"256\" height=\"87\" srcset=\"https:\/\/initiative.minderheiten.at\/wordpress\/wp-content\/uploads\/2024\/06\/BMFWF_Logo-1024x348.jpg 1024w, https:\/\/initiative.minderheiten.at\/wordpress\/wp-content\/uploads\/2024\/06\/BMFWF_Logo-300x102.jpg 300w, https:\/\/initiative.minderheiten.at\/wordpress\/wp-content\/uploads\/2024\/06\/BMFWF_Logo-768x261.jpg 768w, https:\/\/initiative.minderheiten.at\/wordpress\/wp-content\/uploads\/2024\/06\/BMFWF_Logo-520x177.jpg 520w, https:\/\/initiative.minderheiten.at\/wordpress\/wp-content\/uploads\/2024\/06\/BMFWF_Logo.jpg 1361w\" sizes=\"(max-width: 256px) 100vw, 256px\" \/><\/figure>\n\n\n\n<hr class=\"wp-block-separator has-alpha-channel-opacity\" \/>\n\n\n\n<figure class=\"wp-block-image is-resized\"><img decoding=\"async\" loading=\"lazy\" src=\"https:\/\/initiative.minderheiten.at\/wordpress\/wp-content\/uploads\/2024\/06\/BMWKMS_Logo_srgb-1024x333.png\" alt=\"\" class=\"wp-image-9207\" width=\"256\" height=\"83\" srcset=\"https:\/\/initiative.minderheiten.at\/wordpress\/wp-content\/uploads\/2024\/06\/BMWKMS_Logo_srgb-1024x333.png 1024w, https:\/\/initiative.minderheiten.at\/wordpress\/wp-content\/uploads\/2024\/06\/BMWKMS_Logo_srgb-300x98.png 300w, https:\/\/initiative.minderheiten.at\/wordpress\/wp-content\/uploads\/2024\/06\/BMWKMS_Logo_srgb-768x250.png 768w, https:\/\/initiative.minderheiten.at\/wordpress\/wp-content\/uploads\/2024\/06\/BMWKMS_Logo_srgb-520x169.png 520w, https:\/\/initiative.minderheiten.at\/wordpress\/wp-content\/uploads\/2024\/06\/BMWKMS_Logo_srgb.png 1423w\" sizes=\"(max-width: 256px) 100vw, 256px\" \/><\/figure>\n\n\n\n<hr class=\"wp-block-separator has-alpha-channel-opacity\" \/>\n\n\n\n<figure class=\"wp-block-image size-large is-resized\"><img decoding=\"async\" loading=\"lazy\" src=\"https:\/\/initiative.minderheiten.at\/wordpress\/wp-content\/uploads\/2025\/03\/BMB_Logo_srgb-1024x280.png\" alt=\"\" class=\"wp-image-8096\" width=\"256\" height=\"70\" srcset=\"https:\/\/initiative.minderheiten.at\/wordpress\/wp-content\/uploads\/2025\/03\/BMB_Logo_srgb-1024x280.png 1024w, https:\/\/initiative.minderheiten.at\/wordpress\/wp-content\/uploads\/2025\/03\/BMB_Logo_srgb-300x82.png 300w, https:\/\/initiative.minderheiten.at\/wordpress\/wp-content\/uploads\/2025\/03\/BMB_Logo_srgb-768x210.png 768w, https:\/\/initiative.minderheiten.at\/wordpress\/wp-content\/uploads\/2025\/03\/BMB_Logo_srgb-520x142.png 520w, https:\/\/initiative.minderheiten.at\/wordpress\/wp-content\/uploads\/2025\/03\/BMB_Logo_srgb.png 1234w\" sizes=\"(max-width: 256px) 100vw, 256px\" \/><\/figure>\n\n\n\n<hr class=\"wp-block-separator has-alpha-channel-opacity\" \/>\n\n\n\n<figure class=\"wp-block-image size-large is-resized\"><img decoding=\"async\" loading=\"lazy\" src=\"https:\/\/initiative.minderheiten.at\/wordpress\/wp-content\/uploads\/2024\/06\/BMASGPK_Logo_srgb-1024x258.png\" alt=\"\" class=\"wp-image-9204\" width=\"256\" height=\"65\" srcset=\"https:\/\/initiative.minderheiten.at\/wordpress\/wp-content\/uploads\/2024\/06\/BMASGPK_Logo_srgb-1024x258.png 1024w, https:\/\/initiative.minderheiten.at\/wordpress\/wp-content\/uploads\/2024\/06\/BMASGPK_Logo_srgb-300x76.png 300w, https:\/\/initiative.minderheiten.at\/wordpress\/wp-content\/uploads\/2024\/06\/BMASGPK_Logo_srgb-768x193.png 768w, https:\/\/initiative.minderheiten.at\/wordpress\/wp-content\/uploads\/2024\/06\/BMASGPK_Logo_srgb-1536x387.png 1536w, https:\/\/initiative.minderheiten.at\/wordpress\/wp-content\/uploads\/2024\/06\/BMASGPK_Logo_srgb-520x131.png 520w, https:\/\/initiative.minderheiten.at\/wordpress\/wp-content\/uploads\/2024\/06\/BMASGPK_Logo_srgb.png 1839w\" sizes=\"(max-width: 256px) 100vw, 256px\" \/><\/figure>\n\n\n\n<hr class=\"wp-block-separator has-alpha-channel-opacity\" \/>\n\n\n\n<figure class=\"wp-block-image is-resized\"><img decoding=\"async\" loading=\"lazy\" src=\"https:\/\/initiative.minderheiten.at\/wordpress\/wp-content\/uploads\/2026\/03\/Stadt_Wien_Kultur_pos_rgb-1024x294.png\" alt=\"\" class=\"wp-image-10062\" width=\"226\" height=\"65\" srcset=\"https:\/\/initiative.minderheiten.at\/wordpress\/wp-content\/uploads\/2026\/03\/Stadt_Wien_Kultur_pos_rgb-1024x294.png 1024w, https:\/\/initiative.minderheiten.at\/wordpress\/wp-content\/uploads\/2026\/03\/Stadt_Wien_Kultur_pos_rgb-300x86.png 300w, https:\/\/initiative.minderheiten.at\/wordpress\/wp-content\/uploads\/2026\/03\/Stadt_Wien_Kultur_pos_rgb-768x220.png 768w, https:\/\/initiative.minderheiten.at\/wordpress\/wp-content\/uploads\/2026\/03\/Stadt_Wien_Kultur_pos_rgb-1536x441.png 1536w, https:\/\/initiative.minderheiten.at\/wordpress\/wp-content\/uploads\/2026\/03\/Stadt_Wien_Kultur_pos_rgb-520x149.png 520w, https:\/\/initiative.minderheiten.at\/wordpress\/wp-content\/uploads\/2026\/03\/Stadt_Wien_Kultur_pos_rgb.png 1722w\" sizes=\"(max-width: 226px) 100vw, 226px\" \/><\/figure>\n\n\n\n<hr class=\"wp-block-separator has-alpha-channel-opacity\" \/>\n\n\n\n<figure class=\"wp-block-image is-resized\"><img decoding=\"async\" loading=\"lazy\" src=\"https:\/\/initiative.minderheiten.at\/wordpress\/wp-content\/uploads\/2025\/12\/logo_KULTUR_burgenland_2026.png\" alt=\"\" class=\"wp-image-10067\" width=\"136\" height=\"35\" srcset=\"https:\/\/initiative.minderheiten.at\/wordpress\/wp-content\/uploads\/2025\/12\/logo_KULTUR_burgenland_2026.png 543w, https:\/\/initiative.minderheiten.at\/wordpress\/wp-content\/uploads\/2025\/12\/logo_KULTUR_burgenland_2026-300x76.png 300w, https:\/\/initiative.minderheiten.at\/wordpress\/wp-content\/uploads\/2025\/12\/logo_KULTUR_burgenland_2026-520x132.png 520w\" sizes=\"(max-width: 136px) 100vw, 136px\" \/><\/figure>\n\n\n\n<hr class=\"wp-block-separator has-alpha-channel-opacity\" \/>\n\n\n\n<figure class=\"wp-block-image is-resized\"><img decoding=\"async\" loading=\"lazy\" src=\"https:\/\/initiative.minderheiten.at\/wordpress\/wp-content\/uploads\/2023\/09\/logo_kultur.jpg\" alt=\"\" class=\"wp-image-6442\" width=\"209\" height=\"46\" srcset=\"https:\/\/initiative.minderheiten.at\/wordpress\/wp-content\/uploads\/2023\/09\/logo_kultur.jpg 835w, https:\/\/initiative.minderheiten.at\/wordpress\/wp-content\/uploads\/2023\/09\/logo_kultur-300x66.jpg 300w, https:\/\/initiative.minderheiten.at\/wordpress\/wp-content\/uploads\/2023\/09\/logo_kultur-768x168.jpg 768w, https:\/\/initiative.minderheiten.at\/wordpress\/wp-content\/uploads\/2023\/09\/logo_kultur-520x114.jpg 520w\" sizes=\"(max-width: 209px) 100vw, 209px\" \/><\/figure>\n\n\n\n<hr class=\"wp-block-separator has-alpha-channel-opacity\" \/>\n\n\n\n<figure class=\"wp-block-image is-resized\"><img decoding=\"async\" loading=\"lazy\" src=\"https:\/\/initiative.minderheiten.at\/wordpress\/wp-content\/uploads\/2023\/09\/Landeslogo_4c_01.jpg\" alt=\"\" class=\"wp-image-6435\" width=\"152\" height=\"152\" srcset=\"https:\/\/initiative.minderheiten.at\/wordpress\/wp-content\/uploads\/2023\/09\/Landeslogo_4c_01.jpg 745w, https:\/\/initiative.minderheiten.at\/wordpress\/wp-content\/uploads\/2023\/09\/Landeslogo_4c_01-300x300.jpg 300w, https:\/\/initiative.minderheiten.at\/wordpress\/wp-content\/uploads\/2023\/09\/Landeslogo_4c_01-150x150.jpg 150w, https:\/\/initiative.minderheiten.at\/wordpress\/wp-content\/uploads\/2023\/09\/Landeslogo_4c_01-160x160.jpg 160w, https:\/\/initiative.minderheiten.at\/wordpress\/wp-content\/uploads\/2023\/09\/Landeslogo_4c_01-320x320.jpg 320w, https:\/\/initiative.minderheiten.at\/wordpress\/wp-content\/uploads\/2023\/09\/Landeslogo_4c_01-520x520.jpg 520w\" sizes=\"(max-width: 152px) 100vw, 152px\" \/><\/figure>\n\n\n\n<hr class=\"wp-block-separator has-alpha-channel-opacity\" \/>\n\n\n\n<figure class=\"wp-block-image is-resized\"><img decoding=\"async\" loading=\"lazy\" src=\"https:\/\/initiative.minderheiten.at\/wordpress\/wp-content\/uploads\/2022\/10\/nf_logo_4c_web_DE-1024x140.png\" alt=\"\" class=\"wp-image-6287\" width=\"388\" height=\"53\" srcset=\"https:\/\/initiative.minderheiten.at\/wordpress\/wp-content\/uploads\/2022\/10\/nf_logo_4c_web_DE-1024x140.png 1024w, https:\/\/initiative.minderheiten.at\/wordpress\/wp-content\/uploads\/2022\/10\/nf_logo_4c_web_DE-300x41.png 300w, https:\/\/initiative.minderheiten.at\/wordpress\/wp-content\/uploads\/2022\/10\/nf_logo_4c_web_DE-768x105.png 768w, https:\/\/initiative.minderheiten.at\/wordpress\/wp-content\/uploads\/2022\/10\/nf_logo_4c_web_DE-520x71.png 520w, https:\/\/initiative.minderheiten.at\/wordpress\/wp-content\/uploads\/2022\/10\/nf_logo_4c_web_DE.png 1100w\" sizes=\"(max-width: 388px) 100vw, 388px\" \/><\/figure>\n\n\n\n<hr class=\"wp-block-separator has-alpha-channel-opacity\" \/>\n\n\n\n<figure class=\"wp-block-image size-full is-resized\"><img decoding=\"async\" loading=\"lazy\" src=\"https:\/\/initiative.minderheiten.at\/wordpress\/wp-content\/uploads\/2023\/11\/shift_logo_bunt.png\" alt=\"\" class=\"wp-image-6754\" width=\"112\" height=\"102\" srcset=\"https:\/\/initiative.minderheiten.at\/wordpress\/wp-content\/uploads\/2023\/11\/shift_logo_bunt.png 745w, https:\/\/initiative.minderheiten.at\/wordpress\/wp-content\/uploads\/2023\/11\/shift_logo_bunt-300x271.png 300w, https:\/\/initiative.minderheiten.at\/wordpress\/wp-content\/uploads\/2023\/11\/shift_logo_bunt-520x470.png 520w\" sizes=\"(max-width: 112px) 100vw, 112px\" \/><\/figure>\n\n\n\n<hr class=\"wp-block-separator has-alpha-channel-opacity\" \/>\n\n\n\n<figure class=\"wp-block-image is-resized\"><img decoding=\"async\" loading=\"lazy\" src=\"https:\/\/initiative.minderheiten.at\/wordpress\/wp-content\/uploads\/2024\/02\/zf_logo_428.jpg\" alt=\"\" class=\"wp-image-7213\" width=\"243\" height=\"66\" srcset=\"https:\/\/initiative.minderheiten.at\/wordpress\/wp-content\/uploads\/2024\/02\/zf_logo_428.jpg 428w, https:\/\/initiative.minderheiten.at\/wordpress\/wp-content\/uploads\/2024\/02\/zf_logo_428-300x81.jpg 300w\" sizes=\"(max-width: 243px) 100vw, 243px\" \/><\/figure>\n\n\n\n<p><\/p>\n\n\n\n<p><\/p>\n","protected":false},"excerpt":{"rendered":"<p>Erwachsenenbildung \u2013 Bundesministerium f\u00fcr Frauen, Wissenschaft und Forschung (BMFWF) Bundesministerium f\u00fcr Wohnen, Kunst, Kultur, Medien und Sport (BMWKMS) Bundesministerium f\u00fcr Bildung (BMB) Bundesministerium f\u00fcr Arbeit, Soziales, Gesundheit, Pflege und Konsumentenschutz MA 7 \u2013 Kultur Land Burgenland Land K\u00e4rnten Land Tirol&#46;&#46;&#46;<\/p>\n","protected":false},"author":1,"featured_media":2793,"parent":0,"menu_order":0,"comment_status":"closed","ping_status":"closed","template":"","meta":[],"categories":[],"tags":[],"distributor_meta":false,"distributor_terms":false,"distributor_media":false,"distributor_original_site_name":"Initiative Minderheiten","distributor_original_site_url":"https:\/\/initiative.minderheiten.at\/wordpress","_links":{"self":[{"href":"https:\/\/initiative.minderheiten.at\/wordpress\/index.php\/wp-json\/wp\/v2\/pages\/4813"}],"collection":[{"href":"https:\/\/initiative.minderheiten.at\/wordpress\/index.php\/wp-json\/wp\/v2\/pages"}],"about":[{"href":"https:\/\/initiative.minderheiten.at\/wordpress\/index.php\/wp-json\/wp\/v2\/types\/page"}],"author":[{"embeddable":true,"href":"https:\/\/initiative.minderheiten.at\/wordpress\/index.php\/wp-json\/wp\/v2\/users\/1"}],"replies":[{"embeddable":true,"href":"https:\/\/initiative.minderheiten.at\/wordpress\/index.php\/wp-json\/wp\/v2\/comments?post=4813"}],"version-history":[{"count":15,"href":"https:\/\/initiative.minderheiten.at\/wordpress\/index.php\/wp-json\/wp\/v2\/pages\/4813\/revisions"}],"predecessor-version":[{"id":10136,"href":"https:\/\/initiative.minderheiten.at\/wordpress\/index.php\/wp-json\/wp\/v2\/pages\/4813\/revisions\/10136"}],"wp:featuredmedia":[{"embeddable":true,"href":"https:\/\/initiative.minderheiten.at\/wordpress\/index.php\/wp-json\/wp\/v2\/media\/2793"}],"wp:attachment":[{"href":"https:\/\/initiative.minderheiten.at\/wordpress\/index.php\/wp-json\/wp\/v2\/media?parent=4813"}],"wp:term":[{"taxonomy":"category","embeddable":true,"href":"https:\/\/initiative.minderheiten.at\/wordpress\/index.php\/wp-json\/wp\/v2\/categories?post=4813"},{"taxonomy":"post_tag","embeddable":true,"href":"https:\/\/initiative.minderheiten.at\/wordpress\/index.php\/wp-json\/wp\/v2\/tags?post=4813"}],"curies":[{"name":"wp","href":"https:\/\/api.w.org\/{rel}","templated":true}]}}