{"id":762,"date":"2018-10-16T19:28:40","date_gmt":"2018-10-16T17:28:40","guid":{"rendered":"https:\/\/neu.minderheiten.at\/wordpress\/?p=762"},"modified":"2026-02-10T14:04:56","modified_gmt":"2026-02-10T13:04:56","slug":"kontakt-2","status":"publish","type":"page","link":"https:\/\/initiative.minderheiten.at\/wordpress\/index.php\/kontakt-2\/","title":{"rendered":"Kontakt"},"content":{"rendered":"\n<p class=\"western\"><span style=\"font-family: Helvetica, Arial, sans-serif\"><strong>Sollten Sie uns telefonisch nicht erreichen k\u00f6nnen m\u00f6chten wir Sie bitten Ihre Anfragen mittels der unten stehenden Email-Adressen an uns zu richten:<\/strong><\/span><\/p>\n\n\n\n<p>Cornelia Kogoj, Gesch\u00e4ftsf\u00fchrung: kogoj(at)initiative.minderheiten.at<br>Ebru Uzun, Sekretariat: office(at)initiative.minderheiten.at und abo(at)initiative.minderheiten.at<br>Sabine Schwaighofer, Finanzen und \u00d6ffentlichkeitsarbeit: schwaighofer(at)initiative.minderheiten.at<br>Gamze Ongan, Chefredaktion Stimme: stimme(at)initiative.minderheiten.at<\/p>\n\n\n\n<p><b>Initiative Minderheiten<br>Gumpendorfer Stra\u00dfe 15\/13, 1060 Wien<br>T:+43 1\/966 9001<\/b><\/p>\n\n\n\n<p><b><\/b><a href=\"mailto:office@initiative.minderheiten.at\">office(at)@initiative.minderheiten.at<\/a><\/p>\n\n\n\n<p><strong>Werden Sie Mitglied der Initiative Minderheiten! Abonnieren Sie die STIMME! <\/strong><\/p>\n\n\n\n<p><strong>STIMME Jahresabo: \u20ac 30,- \/\/ Zwei-Jahresabo: \u20ac 50,-, \/\/ Mitgliedschaft j\u00e4hrlich \u20ac 35,- (die STIMME ist dann kostenlos)<\/strong><\/p>\n\n\n\n<p><strong>STIMME Jahresabo EU: \u20ac 50,- \/\/ Zwei-Jahresabo: \u20ac 75,-<\/strong><\/p>\n\n\n\n<p><strong>F\u00f6rdernde Mitgliedschaft ab \u20ac 100,- <\/strong><\/p>\n\n\n\n<p><strong>Abobestellung: abo(@)initiative.minderheiten.at <\/strong><\/p>\n\n\n\n<hr class=\"wp-block-separator has-css-opacity\" \/>\n\n\n\n<p><strong>Bankverbindung:<br>Erste Bank<br>IBAN: AT60 2011 1838 2586 9200<br>BIC: GIBAATWWXXX<\/strong><\/p>\n","protected":false},"excerpt":{"rendered":"<p>Sollten Sie uns telefonisch nicht erreichen k\u00f6nnen m\u00f6chten wir Sie bitten Ihre Anfragen mittels der unten stehenden Email-Adressen an uns zu richten: Cornelia Kogoj, Gesch\u00e4ftsf\u00fchrung: kogoj(at)initiative.minderheiten.atEbru Uzun, Sekretariat: office(at)initiative.minderheiten.at und abo(at)initiative.minderheiten.atSabine Schwaighofer, Finanzen und \u00d6ffentlichkeitsarbeit: schwaighofer(at)initiative.minderheiten.atGamze Ongan, Chefredaktion Stimme: stimme(at)initiative.minderheiten.at&#46;&#46;&#46;<\/p>\n","protected":false},"author":1,"featured_media":0,"parent":0,"menu_order":1,"comment_status":"open","ping_status":"open","template":"","meta":[],"categories":[1],"tags":[],"distributor_meta":false,"distributor_terms":false,"distributor_media":false,"distributor_original_site_name":"Initiative Minderheiten","distributor_original_site_url":"https:\/\/initiative.minderheiten.at\/wordpress","_links":{"self":[{"href":"https:\/\/initiative.minderheiten.at\/wordpress\/index.php\/wp-json\/wp\/v2\/pages\/762"}],"collection":[{"href":"https:\/\/initiative.minderheiten.at\/wordpress\/index.php\/wp-json\/wp\/v2\/pages"}],"about":[{"href":"https:\/\/initiative.minderheiten.at\/wordpress\/index.php\/wp-json\/wp\/v2\/types\/page"}],"author":[{"embeddable":true,"href":"https:\/\/initiative.minderheiten.at\/wordpress\/index.php\/wp-json\/wp\/v2\/users\/1"}],"replies":[{"embeddable":true,"href":"https:\/\/initiative.minderheiten.at\/wordpress\/index.php\/wp-json\/wp\/v2\/comments?post=762"}],"version-history":[{"count":29,"href":"https:\/\/initiative.minderheiten.at\/wordpress\/index.php\/wp-json\/wp\/v2\/pages\/762\/revisions"}],"predecessor-version":[{"id":10005,"href":"https:\/\/initiative.minderheiten.at\/wordpress\/index.php\/wp-json\/wp\/v2\/pages\/762\/revisions\/10005"}],"wp:attachment":[{"href":"https:\/\/initiative.minderheiten.at\/wordpress\/index.php\/wp-json\/wp\/v2\/media?parent=762"}],"wp:term":[{"taxonomy":"category","embeddable":true,"href":"https:\/\/initiative.minderheiten.at\/wordpress\/index.php\/wp-json\/wp\/v2\/categories?post=762"},{"taxonomy":"post_tag","embeddable":true,"href":"https:\/\/initiative.minderheiten.at\/wordpress\/index.php\/wp-json\/wp\/v2\/tags?post=762"}],"curies":[{"name":"wp","href":"https:\/\/api.w.org\/{rel}","templated":true}]}}