{"id":81,"date":"2007-02-20T18:23:08","date_gmt":"2007-02-20T17:23:08","guid":{"rendered":"https:\/\/neu.minderheiten.at\/wordpress\/?p=81"},"modified":"2025-12-02T15:44:51","modified_gmt":"2025-12-02T14:44:51","slug":"impressum","status":"publish","type":"page","link":"https:\/\/initiative.minderheiten.at\/wordpress\/index.php\/impressum\/","title":{"rendered":"Impressum"},"content":{"rendered":"\n<h4><strong>Website der Initiative Minderheiten&nbsp;&nbsp; <\/strong><\/h4>\n\n\n\n<p><strong>F\u00fcr den Inhalt verantwortlich:<\/strong><\/p>\n\n\n\n<p>Initiative Minderheiten \u2013 Verein zur F\u00f6rderung des Zusammenlebens von Minderheiten und Mehrheiten<\/p>\n\n\n\n<p>ZVR-Zahl 393928681<\/p>\n\n\n\n<p>Gumpendorfer Stra\u00dfe 15\/13<br>A-1060 Wien<br>Tel: (+43) 1 966 90 01<\/p>\n\n\n\n<ul>\n<li>Konzept: Cornelia Kogoj<\/li>\n\n\n\n<li>Redaktion: Cornelia Kogoj und Sabine Schwaighofer<\/li>\n\n\n\n<li>Webdesign: Bea Bakondy<\/li>\n\n\n\n<li>Technische Umsetzung: <a href=\"http:\/\/www.engema.net\/\">Martin Engelmeier<\/a><\/li>\n\n\n\n<li>Web-Administration: Sabine Schwaighofer<\/li>\n\n\n\n<li>Sekretariat: Ebru Uzun<\/li>\n<\/ul>\n\n\n\n<p><strong>Copyright &amp; Legal Notice<\/strong><\/p>\n\n\n\n<p>Copyright by Initiative Minderheiten (2025) \u2013 Verein zur F\u00f6rderung des Zusammenlebens von Minderheiten und Mehrheiten . Alle Rechte vorbehalten. All rights reserved.<\/p>\n\n\n\n<p>Der Inhalt des Webangebots ist ausschlie\u00dflich f\u00fcr den privaten Gebrauch bestimmt. Die gewerbliche Nutzung ist nur mit schriftlicher Genehmigung des Vereins zul\u00e4ssig. F\u00fcr die Richtigkeit der Ver\u00f6ffentlichungen sowie durch die Ver\u00f6ffentlichung der Inhalte verursachte Sch\u00e4den kann keine Haftung \u00fcbernommen werden. Namentlich gezeichnete Artikel m\u00fcssen nicht unbedingt die Meinung des Vereins wiedergeben. Zitation unter Angabe der Quelle sind erlaubt und erw\u00fcnscht.<\/p>\n\n\n\n<p>Bitte beachten Sie, dass die Initiative Minderheiten keinerlei inhaltlichen Einfluss auf die in ihrem Webangebot durch Links verwiesenen Seiten hat und daher keine Verantwortung f\u00fcr deren Inhalte und Gestaltung \u00fcbernehmen kann.<\/p>\n\n\n\n<hr class=\"wp-block-separator has-alpha-channel-opacity\" \/>\n\n\n\n<h2><strong>Stimme \u2013 Zeitschrift der Initiative Minderheiten<\/strong><\/h2>\n\n\n\n<p><strong>Jahresabo: \u20ac 30,- \/\/ Zwei-Jahresabo: \u20ac 50,-<\/strong><br><strong>Jahresabo EU: \u20ac 50,- \/\/ Zwei-Jahresabo EU: \u20ac 75,-<br>(F\u00fcr Vereinsmitglieder kostenlos, Mitgliedschaft j\u00e4hrlich \u20ac 35,-, f\u00f6rdernde Mitgliedschaft ab \u20ac 100,-)<\/strong><\/p>\n\n\n\n<p>Sie erreichen unser Aboservice via email: Fr. Ebru Uzun \u2013 <a rel=\"noreferrer noopener\" href=\"mailto:abo@initiative.minderheiten.at\" target=\"_blank\">abo(at)initiative.minderheiten.at<\/a> sowie telefonisch unter der Nummer: 01\/9669 001<\/p>\n\n\n\n<p><strong>Bankverbindung:<br>Erste Bank<br>IBAN: AT60 2011 1838 2586 9200<br>BIC: GIBAATWWXXX<\/strong><\/p>\n\n\n\n<p><\/p>\n\n\n\n<p><\/p>\n\n\n\n<p><\/p>\n\n\n\n<p> <p><strong>Auszug aus den Statuten der Initiative Minderheiten \u2013 Verein zur F\u00f6rderung des Zusammenlebens von Minderheiten und Mehrheiten<\/strong><\/p><\/p>\n\n\n\n<p><p>(Beschlossen bei der Generalversammlung am 26.06.2019)<\/p>\n<p><strong>\u00a71<\/strong> <strong>Name,<\/strong> <strong>Sitz<\/strong> <strong>und<\/strong> <strong>T\u00e4tigkeitsbereich<\/strong><\/p>\n<ol>\n<li>Der Verein f\u00fchrt den Namen \u201eInitiative Minderheiten. Verein zur F\u00f6rderung des Zusammenlebens von Minderheiten und Mehrheiten\u201c, bzw. kurz \u201eInitiative Minderheiten\u201c.<\/li>\n<li>Er hat seinen Sitz in Wien und erstreckt seine T\u00e4tigkeit auf ganz \u00d6sterreich.<\/li>\n<li>Die Errichtung von Zweigvereinen in allen Bundesl\u00e4ndern ist m\u00f6glich.<\/li>\n<\/ol>\n<p><strong>\u00a72<\/strong> <strong>Zweck<\/strong><\/p>\n<p>Der Verein bezweckt die F\u00f6rderung des Zusammenlebens von Minderheiten und Mehrheiten. Er ist gemeinn\u00fctzig und nicht auf Gewinn ausgerichtet.<\/p>\n<p><strong>\u00a73<\/strong> <strong>Mittel<\/strong> <strong>zur<\/strong> <strong>Erreichung<\/strong> <strong>des<\/strong> <strong>Vereinszweckes<\/strong><\/p>\n<ol>\n<li>Der Vereinszweck soll durch die in den Abs. 2 und 3 angef\u00fchrten ideellen und materiellen Mittel erreicht werden.<\/li>\n<li>Als ideelle Mittel dienen:<\/li>\n<\/ol>\n<p>a) der Austausch sowie die Kooperation mit anderen Vereinen mit gleichen oder \u00e4hnlichem Vereinszweck,<\/p>\n<p>b) die Organisation und Durchf\u00fchrung von Kunst- und Kulturveranstaltungen und \u2013projekten (Austellungen, Filmreihen, Theater- und Musikauff\u00fchrungen sowie Lesungen etc.),<\/p>\n<p>c) die Organisation und Durchf\u00fchrung von Bildungs- und Erwachsenenbildungsprojekten (Workshops, Tagungen ect.),<\/p>\n<p>d) Die Organisation und Durchf\u00fchrung von wissenschaftlichen Symposien, Konferenzen, Workshops und Vortr\u00e4gen,<\/p>\n<p>e) die Durchf\u00fchrung von Forschungsprojekten und wissenschaftlichen Studien,<\/p>\n<p>f) die Ver\u00f6ffentlichung wissenschaftlicher und journalistischer Artikel zu minderheitenpolitischen Themen,<\/p>\n<p>g) das Anlegen und betreiben eines Dokumentations- und Zeitschriftenarchivs,<\/p>\n<p>h) die Herausgabe von Publikationen unterschiedlicher Art (Zeitschrift, B\u00fccher, Brosch\u00fcren, Radiosendungen, Blog etc.),<\/p>\n<p>i) das Betreiben einer Homepage, einer digitalen Plattform, eines Blogs oder eines Wikis sowie<\/p>\n<p>j) \u00d6ffentlichkeitsarbeit in Verbindung mit den oben genannten Punkten.<\/p>\n<p>&nbsp;<\/p>\n<p>&nbsp;<\/p><\/p>\n","protected":false},"excerpt":{"rendered":"<p>Website der Initiative Minderheiten&nbsp;&nbsp; F\u00fcr den Inhalt verantwortlich: Initiative Minderheiten \u2013 Verein zur F\u00f6rderung des Zusammenlebens von Minderheiten und Mehrheiten ZVR-Zahl 393928681 Gumpendorfer Stra\u00dfe 15\/13A-1060 WienTel: (+43) 1 966 90 01 Copyright &amp; Legal Notice Copyright by Initiative Minderheiten (2025)&#46;&#46;&#46;<\/p>\n","protected":false},"author":1,"featured_media":0,"parent":0,"menu_order":35,"comment_status":"closed","ping_status":"closed","template":"","meta":[],"categories":[1],"tags":[],"distributor_meta":false,"distributor_terms":false,"distributor_media":false,"distributor_original_site_name":"Initiative Minderheiten","distributor_original_site_url":"https:\/\/initiative.minderheiten.at\/wordpress","_links":{"self":[{"href":"https:\/\/initiative.minderheiten.at\/wordpress\/index.php\/wp-json\/wp\/v2\/pages\/81"}],"collection":[{"href":"https:\/\/initiative.minderheiten.at\/wordpress\/index.php\/wp-json\/wp\/v2\/pages"}],"about":[{"href":"https:\/\/initiative.minderheiten.at\/wordpress\/index.php\/wp-json\/wp\/v2\/types\/page"}],"author":[{"embeddable":true,"href":"https:\/\/initiative.minderheiten.at\/wordpress\/index.php\/wp-json\/wp\/v2\/users\/1"}],"replies":[{"embeddable":true,"href":"https:\/\/initiative.minderheiten.at\/wordpress\/index.php\/wp-json\/wp\/v2\/comments?post=81"}],"version-history":[{"count":19,"href":"https:\/\/initiative.minderheiten.at\/wordpress\/index.php\/wp-json\/wp\/v2\/pages\/81\/revisions"}],"predecessor-version":[{"id":9905,"href":"https:\/\/initiative.minderheiten.at\/wordpress\/index.php\/wp-json\/wp\/v2\/pages\/81\/revisions\/9905"}],"wp:attachment":[{"href":"https:\/\/initiative.minderheiten.at\/wordpress\/index.php\/wp-json\/wp\/v2\/media?parent=81"}],"wp:term":[{"taxonomy":"category","embeddable":true,"href":"https:\/\/initiative.minderheiten.at\/wordpress\/index.php\/wp-json\/wp\/v2\/categories?post=81"},{"taxonomy":"post_tag","embeddable":true,"href":"https:\/\/initiative.minderheiten.at\/wordpress\/index.php\/wp-json\/wp\/v2\/tags?post=81"}],"curies":[{"name":"wp","href":"https:\/\/api.w.org\/{rel}","templated":true}]}}