{"id":8593,"date":"2025-07-07T11:06:32","date_gmt":"2025-07-07T09:06:32","guid":{"rendered":"https:\/\/initiative.minderheiten.at\/wordpress\/?page_id=8593"},"modified":"2025-07-11T15:56:09","modified_gmt":"2025-07-11T13:56:09","slug":"spenden","status":"publish","type":"page","link":"https:\/\/initiative.minderheiten.at\/wordpress\/index.php\/spenden\/","title":{"rendered":"Spenden"},"content":{"rendered":"\n<p>Liebe Freund*innen der Initiative Minderheiten!<\/p>\n\n\n\n<p>Leider sind auch wir von <strong>massiven Einsparungsma\u00dfnahmen einiger unserer F\u00f6rderstellen<\/strong> betroffen. Aufgrund dieser prek\u00e4ren Situation, die den laufenden Betrieb in gewohntem Umfang gef\u00e4hrdet, sind wir auf zus\u00e4tzliche Spenden angewiesen.<\/p>\n\n\n\n<p>In den mehr als drei\u00dfig Jahren unseres Bestehens, haben wir wichtige Beitr\u00e4ge zur kontinuierlichen Ausweitung und Verbesserung der Partizipation und Repr\u00e4sentation von diskriminierten Gruppen geliefert. Seit unserer Gr\u00fcndung stehen wir f\u00fcr eine Minderheitenpolitik, die nicht entlang von Identit\u00e4ten und Abgrenzungen verl\u00e4uft. So ist die Bildung von <em>minorit\u00e4ren Allianzen<\/em> auch heute noch das wegweisende Konzept unserer Arbeit.<\/p>\n\n\n\n<p>Mit Ihrer Spende<strong> <\/strong>tragen Sie bei, dass sich die INITIATIVE MINDERHEITEN auch in Zukunft f\u00fcr eine minderheitengerechte Gesellschaft einsetzt, ihre Stimme erheben und wichtige Aktionen und Aktivit\u00e4ten durchf\u00fchren kann.<\/p>\n\n\n\n<p>Unsere Bankverbindung: Erste Bank<br>Lautet auf: Initiative Minderheiten<br><strong>IBAN: AT60 2011 1838 2586 9200<\/strong><\/p>\n\n\n\n<p>Gerne m\u00f6chten wir darauf hinweisen, dass unsere Ausstellung <a href=\"https:\/\/initiative.minderheiten.at\/wordpress\/index.php\/2024\/04\/ausstellungbomben-gegen-minderheiten-rechter-terror-1993-1996\/\">\u201eMan will uns ans Leben\u201c | Bomben gegen Minderheiten 1993\u20131996 <\/a>noch bis zum 26. Oktober 2025 im Volkskundemuseum am Paulustor in Graz zu sehen ist.<\/p>\n\n\n\n<p>Auf unseren Websites <a href=\"https:\/\/initiative.minderheiten.at\/wordpress\/\">Initiative Minderheiten<\/a> und <a href=\"https:\/\/stimme.minderheiten.at\/wordpress\/index.php\/category\/stimme\">Zeitschrift STIMME<\/a> sowie auf unserem <a href=\"https:\/\/www.facebook.com\/initiative.minderheiten\/\" class=\"broken_link\">facebook<\/a>&#8211; und <a href=\"https:\/\/www.instagram.com\/initiative_minderheiten\/\">Instagram<\/a> Kanal informieren wir laufend \u00fcber unsere Projekte.<\/p>\n\n\n\n<p>Hvala in lep pozdrav! Vielen Dank und herzliche Gr\u00fc\u00dfe!<\/p>\n\n\n\n<p><br>Dr. Vladimir Wakounig&nbsp;&nbsp;&nbsp;&nbsp;&nbsp;&nbsp;&nbsp;&nbsp;&nbsp;&nbsp;&nbsp;&nbsp;&nbsp;&nbsp;&nbsp;&nbsp;&nbsp;&nbsp;&nbsp;&nbsp;&nbsp;&nbsp;&nbsp;&nbsp;&nbsp;&nbsp;&nbsp;&nbsp;&nbsp;&nbsp;&nbsp;&nbsp;&nbsp;&nbsp;&nbsp;&nbsp;&nbsp;&nbsp;&nbsp;&nbsp;&nbsp;&nbsp;&nbsp;&nbsp;&nbsp;&nbsp;&nbsp;&nbsp;&nbsp;&nbsp;&nbsp;&nbsp;&nbsp;&nbsp;&nbsp;&nbsp;&nbsp; Dr.in Cornelia Kogoj<br>Obmann&nbsp;&nbsp;&nbsp;&nbsp;&nbsp;&nbsp;&nbsp;&nbsp;&nbsp;&nbsp;&nbsp;&nbsp;&nbsp;&nbsp;&nbsp;&nbsp;&nbsp;&nbsp;&nbsp;&nbsp;&nbsp;&nbsp;&nbsp;&nbsp;&nbsp;&nbsp;&nbsp;&nbsp;&nbsp;&nbsp;&nbsp;&nbsp;&nbsp;&nbsp;&nbsp;&nbsp;&nbsp;&nbsp;&nbsp;&nbsp;&nbsp;&nbsp;&nbsp;&nbsp;&nbsp;&nbsp;&nbsp;&nbsp;&nbsp;&nbsp;&nbsp;&nbsp;&nbsp;&nbsp;&nbsp;&nbsp;&nbsp;&nbsp;&nbsp;&nbsp;&nbsp;&nbsp;&nbsp;&nbsp;&nbsp;&nbsp;&nbsp;&nbsp;&nbsp;&nbsp;&nbsp;&nbsp;&nbsp;&nbsp;&nbsp;&nbsp;&nbsp;&nbsp;&nbsp; Generalsekret\u00e4rin<\/p>\n","protected":false},"excerpt":{"rendered":"<p>Liebe Freund*innen der Initiative Minderheiten! Leider sind auch wir von massiven Einsparungsma\u00dfnahmen einiger unserer F\u00f6rderstellen betroffen. Aufgrund dieser prek\u00e4ren Situation, die den laufenden Betrieb in gewohntem Umfang gef\u00e4hrdet, sind wir auf zus\u00e4tzliche Spenden angewiesen. In den mehr als drei\u00dfig Jahren&#46;&#46;&#46;<\/p>\n","protected":false},"author":1,"featured_media":0,"parent":0,"menu_order":0,"comment_status":"closed","ping_status":"closed","template":"","meta":[],"categories":[],"tags":[],"distributor_meta":false,"distributor_terms":false,"distributor_media":false,"distributor_original_site_name":"Initiative Minderheiten","distributor_original_site_url":"https:\/\/initiative.minderheiten.at\/wordpress","_links":{"self":[{"href":"https:\/\/initiative.minderheiten.at\/wordpress\/index.php\/wp-json\/wp\/v2\/pages\/8593"}],"collection":[{"href":"https:\/\/initiative.minderheiten.at\/wordpress\/index.php\/wp-json\/wp\/v2\/pages"}],"about":[{"href":"https:\/\/initiative.minderheiten.at\/wordpress\/index.php\/wp-json\/wp\/v2\/types\/page"}],"author":[{"embeddable":true,"href":"https:\/\/initiative.minderheiten.at\/wordpress\/index.php\/wp-json\/wp\/v2\/users\/1"}],"replies":[{"embeddable":true,"href":"https:\/\/initiative.minderheiten.at\/wordpress\/index.php\/wp-json\/wp\/v2\/comments?post=8593"}],"version-history":[{"count":3,"href":"https:\/\/initiative.minderheiten.at\/wordpress\/index.php\/wp-json\/wp\/v2\/pages\/8593\/revisions"}],"predecessor-version":[{"id":8623,"href":"https:\/\/initiative.minderheiten.at\/wordpress\/index.php\/wp-json\/wp\/v2\/pages\/8593\/revisions\/8623"}],"wp:attachment":[{"href":"https:\/\/initiative.minderheiten.at\/wordpress\/index.php\/wp-json\/wp\/v2\/media?parent=8593"}],"wp:term":[{"taxonomy":"category","embeddable":true,"href":"https:\/\/initiative.minderheiten.at\/wordpress\/index.php\/wp-json\/wp\/v2\/categories?post=8593"},{"taxonomy":"post_tag","embeddable":true,"href":"https:\/\/initiative.minderheiten.at\/wordpress\/index.php\/wp-json\/wp\/v2\/tags?post=8593"}],"curies":[{"name":"wp","href":"https:\/\/api.w.org\/{rel}","templated":true}]}}